{"id":76,"date":"2013-07-24T19:55:54","date_gmt":"2013-07-24T17:55:54","guid":{"rendered":"http:\/\/www.lesphosphorescentes.com\/?page_id=76"},"modified":"2013-10-11T19:38:40","modified_gmt":"2013-10-11T17:38:40","slug":"solo-de-la-luz-version-atelierspectacle","status":"publish","type":"page","link":"http:\/\/www.lesphosphorescentes.com\/?page_id=76","title":{"rendered":"SOLO DE LA LUZ  version atelier\/spectacle"},"content":{"rendered":"<p>&nbsp;<\/p>\n<p><strong>SOLO DE LA LUZ\u00a0 version atelier\/spectacle<\/strong><\/p>\n<p>&nbsp;<\/p>\n<p>&nbsp;<\/p>\n<p>&nbsp;<\/p>\n<p>Solo de danse contemporaine en costume\/sculpture pr\u00e9sent\u00e9 au c\u0153ur de l\u2019atelier \u00ab\u00a0Les Petits Costumes Phosphorescents\u00a0\u00bb.<\/p>\n<p>&nbsp;<\/p>\n<p>D\u00e9couverte par les participants enfants\/adultes, eux-m\u00eames ayants d\u00e9j\u00e0 dans\u00e9 en costume\/sculpture, d\u2019une petite chor\u00e9graphie professionnelle.<\/p>\n<p>&nbsp;<\/p>\n<p>Laboratoire d\u2019id\u00e9es de mouvements \u00e0 appliquer en direct dans l\u2019atelier qui se poursuit apr\u00e8s le Solo de la Luz.<\/p>\n<p>&nbsp;<\/p>\n","protected":false},"excerpt":{"rendered":"<p> [&hellip;]<\/p>\n","protected":false},"author":1,"featured_media":0,"parent":0,"menu_order":0,"comment_status":"closed","ping_status":"closed","template":"","meta":[],"_links":{"self":[{"href":"http:\/\/www.lesphosphorescentes.com\/index.php?rest_route=\/wp\/v2\/pages\/76"}],"collection":[{"href":"http:\/\/www.lesphosphorescentes.com\/index.php?rest_route=\/wp\/v2\/pages"}],"about":[{"href":"http:\/\/www.lesphosphorescentes.com\/index.php?rest_route=\/wp\/v2\/types\/page"}],"author":[{"embeddable":true,"href":"http:\/\/www.lesphosphorescentes.com\/index.php?rest_route=\/wp\/v2\/users\/1"}],"replies":[{"embeddable":true,"href":"http:\/\/www.lesphosphorescentes.com\/index.php?rest_route=%2Fwp%2Fv2%2Fcomments&post=76"}],"version-history":[{"count":10,"href":"http:\/\/www.lesphosphorescentes.com\/index.php?rest_route=\/wp\/v2\/pages\/76\/revisions"}],"predecessor-version":[{"id":161,"href":"http:\/\/www.lesphosphorescentes.com\/index.php?rest_route=\/wp\/v2\/pages\/76\/revisions\/161"}],"wp:attachment":[{"href":"http:\/\/www.lesphosphorescentes.com\/index.php?rest_route=%2Fwp%2Fv2%2Fmedia&parent=76"}],"curies":[{"name":"wp","href":"https:\/\/api.w.org\/{rel}","templated":true}]}}